{"id":7217,"date":"2022-12-22T13:11:19","date_gmt":"2022-12-22T13:11:19","guid":{"rendered":"https:\/\/lamaquina.io\/about\/"},"modified":"2025-11-13T18:07:29","modified_gmt":"2025-11-13T18:07:29","slug":"sobre-nosotros","status":"publish","type":"page","link":"https:\/\/lamaquina.io\/es\/sobre-nosotros\/","title":{"rendered":"Sobre nosotros"},"content":{"rendered":"\n<div class=\"wp-block-group alignfull lm-padding-x is-layout-flow wp-block-group-is-layout-flow\">\n<div class=\"wp-block-group alignfull is-vertical is-nowrap is-layout-flex wp-container-core-group-is-layout-bdb40f2b wp-block-group-is-layout-flex\" style=\"min-height:99vh\">\n<div style=\"height:0px\" aria-hidden=\"true\" class=\"wp-block-spacer wp-container-content-b30579f5\"><\/div>\n\n\n\n<h1 class=\"wp-block-heading has-n-27-font-family\" style=\"padding-right:var(--wp--preset--spacing--40);padding-left:var(--wp--preset--spacing--40)\">WE ARE A<br>3D PRINTING<br>ECOSYSTEM<\/h1>\n\n\n\n<div class=\"wp-block-columns is-layout-flex wp-container-core-columns-is-layout-954ec4bb wp-block-columns-is-layout-flex\" style=\"padding-right:var(--wp--preset--spacing--40);padding-left:var(--wp--preset--spacing--40)\">\n<div class=\"wp-block-column is-layout-flow wp-block-column-is-layout-flow\"><\/div>\n\n\n\n<div class=\"wp-block-column is-layout-flow wp-block-column-is-layout-flow\">\n<div class=\"wp-block-group is-vertical is-content-justification-stretch is-layout-flex wp-container-core-group-is-layout-353c4f5a wp-block-group-is-layout-flex\">\n<div style=\"height:0px\" aria-hidden=\"true\" class=\"wp-block-spacer wp-container-content-8af585c5\"><\/div>\n\n\n\n<p>Integrando la impresi\u00f3n 3D en la producci\u00f3n en cadena estandarizada, <strong>LAM\u00c1QUINA descentraliza la fabricaci\u00f3n<\/strong> manteniendo su <strong>centro de ingenier\u00eda en Barcelona<\/strong>. Este modelo permite una <strong>producci\u00f3n local y bajo demanda<\/strong>, reduciendo costos y plazos, al mismo tiempo que garantiza <strong>eficiencia y calidad<\/strong>.<\/p>\n\n\n\n<div style=\"height:0px\" aria-hidden=\"true\" class=\"wp-block-spacer wp-container-content-8af585c5\"><\/div>\n<\/div>\n<\/div>\n<\/div>\n\n\n\n<h2 class=\"wp-block-heading line-height-1 has-n-27-font-family\" style=\"padding-right:var(--wp--preset--spacing--40);padding-left:var(--wp--preset--spacing--40)\">41\u00b024&#8217;53.3\u00bbN,<br>2\u00b012&#8217;40.7\u00bbE<\/h2>\n\n\n\n<div style=\"height:0px\" aria-hidden=\"true\" class=\"wp-block-spacer wp-container-content-b30579f5\"><\/div>\n<\/div>\n<\/div>\n\n\n\n<div class=\"wp-block-columns is-layout-flex wp-container-core-columns-is-layout-954ec4bb wp-block-columns-is-layout-flex\" id=\"Our-Head\" style=\"padding-right:var(--wp--preset--spacing--40);padding-left:var(--wp--preset--spacing--40)\">\n<div class=\"wp-block-column is-layout-flow wp-block-column-is-layout-flow\"><\/div>\n\n\n\n<div class=\"wp-block-column is-layout-flow wp-block-column-is-layout-flow\">\n<p class=\"n27 fs-3 line-height-1 has-n-27-font-family\">OUR HEAD<br>IS HERE<\/p>\n<\/div>\n<\/div>\n\n\n\n<section class=\"align wp-block-acf-scroll-gallery\">\n<div class=\"container-fluid\">\n            <ul class=\"archive-list\">\n               <li class=\"archive-list_li sticky-top\" style=\"z-index:99;\">\n            <div class=\"text-container n27\">\n               <h2 style=\"text-align: center\" class=\"mb-0 fs-huge\">BARCELONA<\/h2>\n<p style=\"text-align: center\">\n41\u00b024&#8217;53.3&#8243;N, 2\u00b012&#8217;40.7&#8243;E<\/p>\n            <\/div>\n         <\/li>\n                           <li class=\"archive-list_li lm-padding-x\">\n               <div class=\"img\">\n                  <img loading=\"lazy\" decoding=\"async\" width=\"683\" height=\"1024\" src=\"https:\/\/lamaquina.io\/wp-content\/uploads\/2025\/03\/about-lamaquina-3d-printing-00-683x1024.webp\" class=\"archiveList_img\" alt=\"\" srcset=\"https:\/\/lamaquina.io\/wp-content\/uploads\/2025\/03\/about-lamaquina-3d-printing-00-683x1024.webp 683w, https:\/\/lamaquina.io\/wp-content\/uploads\/2025\/03\/about-lamaquina-3d-printing-00-200x300.webp 200w, https:\/\/lamaquina.io\/wp-content\/uploads\/2025\/03\/about-lamaquina-3d-printing-00-768x1152.webp 768w, https:\/\/lamaquina.io\/wp-content\/uploads\/2025\/03\/about-lamaquina-3d-printing-00-1024x1536.webp 1024w, https:\/\/lamaquina.io\/wp-content\/uploads\/2025\/03\/about-lamaquina-3d-printing-00-666x999.webp 666w, https:\/\/lamaquina.io\/wp-content\/uploads\/2025\/03\/about-lamaquina-3d-printing-00.webp 1280w\" sizes=\"auto, (max-width: 683px) 100vw, 683px\" \/>               <\/div>\n            <\/li>\n                     <li class=\"archive-list_li lm-padding-x\">\n               <div class=\"img\">\n                  <img loading=\"lazy\" decoding=\"async\" width=\"683\" height=\"1024\" src=\"https:\/\/lamaquina.io\/wp-content\/uploads\/2025\/03\/about-lamaquina-3d-printing-01-683x1024.webp\" class=\"archiveList_img\" alt=\"\" srcset=\"https:\/\/lamaquina.io\/wp-content\/uploads\/2025\/03\/about-lamaquina-3d-printing-01-683x1024.webp 683w, https:\/\/lamaquina.io\/wp-content\/uploads\/2025\/03\/about-lamaquina-3d-printing-01-200x300.webp 200w, https:\/\/lamaquina.io\/wp-content\/uploads\/2025\/03\/about-lamaquina-3d-printing-01-768x1152.webp 768w, https:\/\/lamaquina.io\/wp-content\/uploads\/2025\/03\/about-lamaquina-3d-printing-01-1024x1536.webp 1024w, https:\/\/lamaquina.io\/wp-content\/uploads\/2025\/03\/about-lamaquina-3d-printing-01-666x999.webp 666w, https:\/\/lamaquina.io\/wp-content\/uploads\/2025\/03\/about-lamaquina-3d-printing-01.webp 1280w\" sizes=\"auto, (max-width: 683px) 100vw, 683px\" \/>               <\/div>\n            <\/li>\n                     <li class=\"archive-list_li lm-padding-x\">\n               <div class=\"img\">\n                  <img loading=\"lazy\" decoding=\"async\" width=\"1024\" height=\"682\" src=\"https:\/\/lamaquina.io\/wp-content\/uploads\/2025\/03\/about-lamaquina-3d-printing-02-1024x682.webp\" class=\"archiveList_img\" alt=\"\" srcset=\"https:\/\/lamaquina.io\/wp-content\/uploads\/2025\/03\/about-lamaquina-3d-printing-02-1024x682.webp 1024w, https:\/\/lamaquina.io\/wp-content\/uploads\/2025\/03\/about-lamaquina-3d-printing-02-300x200.webp 300w, https:\/\/lamaquina.io\/wp-content\/uploads\/2025\/03\/about-lamaquina-3d-printing-02-768x512.webp 768w, https:\/\/lamaquina.io\/wp-content\/uploads\/2025\/03\/about-lamaquina-3d-printing-02-800x533.webp 800w, https:\/\/lamaquina.io\/wp-content\/uploads\/2025\/03\/about-lamaquina-3d-printing-02.webp 1280w\" sizes=\"auto, (max-width: 1024px) 100vw, 1024px\" \/>               <\/div>\n            <\/li>\n                     <li class=\"archive-list_li lm-padding-x\">\n               <div class=\"img\">\n                  <img loading=\"lazy\" decoding=\"async\" width=\"683\" height=\"1024\" src=\"https:\/\/lamaquina.io\/wp-content\/uploads\/2025\/03\/about-lamaquina-3d-printing-03-683x1024.webp\" class=\"archiveList_img\" alt=\"\" srcset=\"https:\/\/lamaquina.io\/wp-content\/uploads\/2025\/03\/about-lamaquina-3d-printing-03-683x1024.webp 683w, https:\/\/lamaquina.io\/wp-content\/uploads\/2025\/03\/about-lamaquina-3d-printing-03-200x300.webp 200w, https:\/\/lamaquina.io\/wp-content\/uploads\/2025\/03\/about-lamaquina-3d-printing-03-768x1152.webp 768w, https:\/\/lamaquina.io\/wp-content\/uploads\/2025\/03\/about-lamaquina-3d-printing-03-1024x1536.webp 1024w, https:\/\/lamaquina.io\/wp-content\/uploads\/2025\/03\/about-lamaquina-3d-printing-03-666x999.webp 666w, https:\/\/lamaquina.io\/wp-content\/uploads\/2025\/03\/about-lamaquina-3d-printing-03.webp 1280w\" sizes=\"auto, (max-width: 683px) 100vw, 683px\" \/>               <\/div>\n            <\/li>\n                     <li class=\"archive-list_li lm-padding-x\">\n               <div class=\"img\">\n                  <img loading=\"lazy\" decoding=\"async\" width=\"684\" height=\"1024\" src=\"https:\/\/lamaquina.io\/wp-content\/uploads\/2025\/03\/about-lamaquina-3d-printing-tenerife-684x1024.webp\" class=\"archiveList_img\" alt=\"lamaquina 3d printing barcelona facility\" srcset=\"https:\/\/lamaquina.io\/wp-content\/uploads\/2025\/03\/about-lamaquina-3d-printing-tenerife-684x1024.webp 684w, https:\/\/lamaquina.io\/wp-content\/uploads\/2025\/03\/about-lamaquina-3d-printing-tenerife-200x300.webp 200w, https:\/\/lamaquina.io\/wp-content\/uploads\/2025\/03\/about-lamaquina-3d-printing-tenerife-768x1150.webp 768w, https:\/\/lamaquina.io\/wp-content\/uploads\/2025\/03\/about-lamaquina-3d-printing-tenerife-1026x1536.webp 1026w, https:\/\/lamaquina.io\/wp-content\/uploads\/2025\/03\/about-lamaquina-3d-printing-tenerife-667x999.webp 667w, https:\/\/lamaquina.io\/wp-content\/uploads\/2025\/03\/about-lamaquina-3d-printing-tenerife.webp 1280w\" sizes=\"auto, (max-width: 684px) 100vw, 684px\" \/>               <\/div>\n            <\/li>\n                     <li class=\"archive-list_li lm-padding-x\">\n               <div class=\"img\">\n                  <img loading=\"lazy\" decoding=\"async\" width=\"683\" height=\"1024\" src=\"https:\/\/lamaquina.io\/wp-content\/uploads\/2025\/03\/lamaquina-3d-printing-history-museum-of-london-683x1024.webp\" class=\"archiveList_img\" alt=\"\" srcset=\"https:\/\/lamaquina.io\/wp-content\/uploads\/2025\/03\/lamaquina-3d-printing-history-museum-of-london-683x1024.webp 683w, https:\/\/lamaquina.io\/wp-content\/uploads\/2025\/03\/lamaquina-3d-printing-history-museum-of-london-200x300.webp 200w, https:\/\/lamaquina.io\/wp-content\/uploads\/2025\/03\/lamaquina-3d-printing-history-museum-of-london-768x1152.webp 768w, https:\/\/lamaquina.io\/wp-content\/uploads\/2025\/03\/lamaquina-3d-printing-history-museum-of-london-1024x1536.webp 1024w, https:\/\/lamaquina.io\/wp-content\/uploads\/2025\/03\/lamaquina-3d-printing-history-museum-of-london-666x999.webp 666w, https:\/\/lamaquina.io\/wp-content\/uploads\/2025\/03\/lamaquina-3d-printing-history-museum-of-london.webp 1280w\" sizes=\"auto, (max-width: 683px) 100vw, 683px\" \/>               <\/div>\n            <\/li>\n                     <li class=\"archive-list_li lm-padding-x\">\n               <div class=\"img\">\n                  <img loading=\"lazy\" decoding=\"async\" width=\"683\" height=\"1024\" src=\"https:\/\/lamaquina.io\/wp-content\/uploads\/2025\/03\/lamaquina-aedas-clay-printing-683x1024.webp\" class=\"archiveList_img\" alt=\"\" srcset=\"https:\/\/lamaquina.io\/wp-content\/uploads\/2025\/03\/lamaquina-aedas-clay-printing-683x1024.webp 683w, https:\/\/lamaquina.io\/wp-content\/uploads\/2025\/03\/lamaquina-aedas-clay-printing-200x300.webp 200w, https:\/\/lamaquina.io\/wp-content\/uploads\/2025\/03\/lamaquina-aedas-clay-printing-768x1151.webp 768w, https:\/\/lamaquina.io\/wp-content\/uploads\/2025\/03\/lamaquina-aedas-clay-printing-1025x1536.webp 1025w, https:\/\/lamaquina.io\/wp-content\/uploads\/2025\/03\/lamaquina-aedas-clay-printing-667x999.webp 667w, https:\/\/lamaquina.io\/wp-content\/uploads\/2025\/03\/lamaquina-aedas-clay-printing.webp 1280w\" sizes=\"auto, (max-width: 683px) 100vw, 683px\" \/>               <\/div>\n            <\/li>\n               <\/ul>\n   <\/div>\n<\/section>\n\n\n\n\n\n<div class=\"wp-block-columns lm-padding-x is-layout-flex wp-container-core-columns-is-layout-28f84493 wp-block-columns-is-layout-flex\" id=\"Our-Hands\">\n<div class=\"wp-block-column is-layout-flow wp-block-column-is-layout-flow\"><\/div>\n\n\n\n<div class=\"wp-block-column is-layout-flow wp-block-column-is-layout-flow\">\n<div style=\"height:120px\" aria-hidden=\"true\" class=\"wp-block-spacer\"><\/div>\n\n\n\n<p class=\"n27 fs-3 line-height-1 has-n-27-font-family\">NUESTROS CENTROS<\/p>\n\n\n\n<p><strong>Barcelona<\/strong> &#8211; 41\u00b024&#8217;53.3&#8243;N, 2\u00b012&#8217;40.7&#8243;E<br><strong>Zaragoza<\/strong> &#8211; 41\u00b020&#8217;59.9&#8243;N, 1\u00b013&#8217;17.8&#8243;W<\/p>\n\n\n\n<div style=\"height:120px\" aria-hidden=\"true\" class=\"wp-block-spacer\"><\/div>\n<\/div>\n<\/div>\n\n\n\n<div class=\"wp-block-group alignfull has-global-padding is-layout-constrained wp-block-group-is-layout-constrained\" id=\"facilities\">\n<div style=\"height:25vh\" aria-hidden=\"true\" class=\"wp-block-spacer\"><\/div>\n\n\n\n\n<section style=\"padding-right:var(--wp--preset--spacing--40);padding-left:var(--wp--preset--spacing--40);\" class=\"alignfull wp-block-blocks-lm-huge-title\">\n\t\t\t<div class=\"is-huge-title\">\n\t\t\t<div class=\"huge-title-wrap w-100\">\n\t\t\t\t<section class=\"huge-title-container\">\n\t\t\t\t\t\t\t\t\t\t\t<span class=\"huge-title fs-huge has-n-27-font-family\" style=\"line-height: .89;\">CENTROS DE<\/span>\n\t\t\t\t\t\t<div class=\"huge-title-line\"><\/div>\n\t\t\t\t\t\t\t\t\t<\/section>\n\n\t\t\t\t<section class=\"huge-title-container\" style=\"justify-content: end;\">\n\t\t\t\t\t\t\t\t\t\t\t<div class=\"huge-title-line\"><\/div>\n\t\t\t\t\t\t<span class=\"huge-title fs-huge has-n-27-font-family\" style=\"line-height: .89;\">PRODUCCI\u00d3N<\/span>\n\t\t\t\t\t\t\t\t\t<\/section>\n\t\t\t<\/div>\n\t\t<\/div>\n\t<\/section>\n\n\n\n<div style=\"height:25vh\" aria-hidden=\"true\" class=\"wp-block-spacer\"><\/div>\n\n\n\n<div class=\"wp-block-columns alignfull is-layout-flex wp-container-core-columns-is-layout-954ec4bb wp-block-columns-is-layout-flex\" style=\"padding-right:var(--wp--preset--spacing--40);padding-left:var(--wp--preset--spacing--40)\">\n<div class=\"wp-block-column is-layout-flow wp-block-column-is-layout-flow\" style=\"flex-basis:100%\">\n<div style=\"height:35px\" aria-hidden=\"true\" class=\"wp-block-spacer\"><\/div>\n\n\n\n<div class=\"wp-block-columns is-layout-flex wp-container-core-columns-is-layout-28f84493 wp-block-columns-is-layout-flex\">\n<div class=\"wp-block-column is-layout-flow wp-block-column-is-layout-flow\">\n<div class=\"wp-block-cover has-white-color has-text-color has-link-color wp-elements-f57c09e0a91efae42707a594543fa1c4\" style=\"min-height:75vh;aspect-ratio:unset;\"><img loading=\"lazy\" decoding=\"async\" width=\"684\" height=\"1024\" class=\"wp-block-cover__image-background wp-image-4720 size-large\" alt=\"lamaquina 3d printing barcelona facility\" src=\"https:\/\/lamaquina.io\/wp-content\/uploads\/2025\/03\/about-lamaquina-3d-printing-tenerife-684x1024.webp\" data-object-fit=\"cover\" srcset=\"https:\/\/lamaquina.io\/wp-content\/uploads\/2025\/03\/about-lamaquina-3d-printing-tenerife-684x1024.webp 684w, https:\/\/lamaquina.io\/wp-content\/uploads\/2025\/03\/about-lamaquina-3d-printing-tenerife-200x300.webp 200w, https:\/\/lamaquina.io\/wp-content\/uploads\/2025\/03\/about-lamaquina-3d-printing-tenerife-768x1150.webp 768w, https:\/\/lamaquina.io\/wp-content\/uploads\/2025\/03\/about-lamaquina-3d-printing-tenerife-1026x1536.webp 1026w, https:\/\/lamaquina.io\/wp-content\/uploads\/2025\/03\/about-lamaquina-3d-printing-tenerife-667x999.webp 667w, https:\/\/lamaquina.io\/wp-content\/uploads\/2025\/03\/about-lamaquina-3d-printing-tenerife.webp 1280w\" sizes=\"auto, (max-width: 684px) 100vw, 684px\" \/><span aria-hidden=\"true\" class=\"wp-block-cover__background has-dark-background-color has-background-dim-0 has-background-dim\"><\/span><div class=\"wp-block-cover__inner-container has-global-padding is-layout-constrained wp-block-cover-is-layout-constrained\">\n<p class=\"has-text-align-center\"><\/p>\n<\/div><\/div>\n\n\n\n<h3 class=\"wp-block-heading n27\"><strong>LM<\/strong>BCN<\/h3>\n\n\n\n<p><strong>Sede Central, Ingenier\u00eda y producci\u00f3n<\/strong><\/p>\n\n\n\n<p>Nuestra sede en Barcelona alberga nuestras oficinas, as\u00ed como nuestras instalaciones de dise\u00f1o e ingenier\u00eda, donde desarrollamos y perfeccionamos soluciones de impresi\u00f3n 3D para satisfacer las necesidades de nuestros clientes.<\/p>\n\n\n\n<p><a href=\"https:\/\/lamaquina.io\/about\/\" data-type=\"page\" data-id=\"88\">M\u00e1s sobre nosotros<\/a><\/p>\n<\/div>\n\n\n\n<div class=\"wp-block-column is-layout-flow wp-block-column-is-layout-flow\">\n<div class=\"wp-block-cover has-custom-content-position is-position-top-left has-white-color has-text-color has-link-color wp-elements-b3723ae3352569647cd534aa0b36d8db\" style=\"min-height:75vh;aspect-ratio:unset;\"><img loading=\"lazy\" decoding=\"async\" width=\"999\" height=\"1024\" class=\"wp-block-cover__image-background wp-image-3420\" alt=\"\" src=\"https:\/\/lamaquina.io\/wp-content\/uploads\/2024\/03\/robotic.jpg\" data-object-fit=\"cover\" srcset=\"https:\/\/lamaquina.io\/wp-content\/uploads\/2024\/03\/robotic.jpg 999w, https:\/\/lamaquina.io\/wp-content\/uploads\/2024\/03\/robotic-293x300.jpg 293w, https:\/\/lamaquina.io\/wp-content\/uploads\/2024\/03\/robotic-768x787.jpg 768w, https:\/\/lamaquina.io\/wp-content\/uploads\/2024\/03\/robotic-800x820.jpg 800w\" sizes=\"auto, (max-width: 999px) 100vw, 999px\" \/><span aria-hidden=\"true\" class=\"wp-block-cover__background has-dark-background-color has-background-dim-0 has-background-dim\"><\/span><div class=\"wp-block-cover__inner-container has-global-padding is-layout-constrained wp-block-cover-is-layout-constrained\">\n<p class=\"has-text-align-center\"><\/p>\n<\/div><\/div>\n\n\n\n<h3 class=\"wp-block-heading n27\"><strong>LM<\/strong>ZGZ<\/h3>\n\n\n\n<p><strong>Centro de Producci\u00f3n<\/strong><\/p>\n\n\n\n<p>Nuestro centro se dedica a la fabricaci\u00f3n de piezas impresas en 3D de alta calidad, con un fuerte enfoque en la eficiencia y la precisi\u00f3n.<\/p>\n\n\n\n<p>Production Partners: <a href=\"https:\/\/hmy-group.com\/\" target=\"_blank\" rel=\"noreferrer noopener\">HMY Group<\/a><\/p>\n<\/div>\n\n\n\n<div class=\"wp-block-column is-layout-flow wp-block-column-is-layout-flow\">\n<div class=\"wp-block-cover is-light border has-white-color has-text-color has-link-color wp-elements-39a4525c9431884b5a1a279718faefed\" style=\"min-height:75vh;aspect-ratio:unset;\"><img loading=\"lazy\" decoding=\"async\" width=\"1280\" height=\"1920\" class=\"wp-block-cover__image-background wp-image-4721\" alt=\"\" src=\"https:\/\/lamaquina.io\/wp-content\/uploads\/2025\/03\/lamaquina-3d-printing-history-museum-of-london.webp\" data-object-fit=\"cover\" srcset=\"https:\/\/lamaquina.io\/wp-content\/uploads\/2025\/03\/lamaquina-3d-printing-history-museum-of-london.webp 1280w, https:\/\/lamaquina.io\/wp-content\/uploads\/2025\/03\/lamaquina-3d-printing-history-museum-of-london-200x300.webp 200w, https:\/\/lamaquina.io\/wp-content\/uploads\/2025\/03\/lamaquina-3d-printing-history-museum-of-london-683x1024.webp 683w, https:\/\/lamaquina.io\/wp-content\/uploads\/2025\/03\/lamaquina-3d-printing-history-museum-of-london-768x1152.webp 768w, https:\/\/lamaquina.io\/wp-content\/uploads\/2025\/03\/lamaquina-3d-printing-history-museum-of-london-1024x1536.webp 1024w, https:\/\/lamaquina.io\/wp-content\/uploads\/2025\/03\/lamaquina-3d-printing-history-museum-of-london-666x999.webp 666w\" sizes=\"auto, (max-width: 1280px) 100vw, 1280px\" \/><span aria-hidden=\"true\" class=\"wp-block-cover__background has-primary-background-color has-background-dim-100 has-background-dim\"><\/span><div class=\"wp-block-cover__inner-container has-global-padding is-layout-constrained wp-block-cover-is-layout-constrained\">\n<h2 class=\"wp-block-heading has-text-align-center line-height-1 my-0 has-dark-color has-text-color has-link-color wp-elements-ecb3658849cfca218e87fb376f5a14a4\"><a href=\"https:\/\/lamaquina.io\/get-in-touch\/\" target=\"_blank\" data-type=\"page\" data-id=\"4188\" rel=\"noreferrer noopener\">+<\/a><\/h2>\n<\/div><\/div>\n\n\n\n<h3 class=\"wp-block-heading n27\"><strong>LM<\/strong>X<\/h3>\n\n\n\n<p><strong>3D Printing Ecosystem<\/strong><\/p>\n\n\n\n<p>We are expanding our network, enhancing connections, boosting collaboration and delivering improved services. Be part of this ecosystem!<\/p>\n\n\n\n<p>Contact us at&nbsp;<a href=\"mailto:3dprint@lamaquina.io\" target=\"_blank\" rel=\"noreferrer noopener\">3dprint@lamaquina.io<\/a><\/p>\n\n\n\n<p><\/p>\n<\/div>\n<\/div>\n<\/div>\n<\/div>\n<\/div>\n\n\n\n<div class=\"wp-block-group alignfull has-global-padding is-layout-constrained wp-block-group-is-layout-constrained\" id=\"Services\">\n<h2 class=\"wp-block-heading alignfull lm-padding has-n-27-font-family\" style=\"padding-right:var(--wp--preset--spacing--40);padding-left:var(--wp--preset--spacing--40)\">SERVICIOS<\/h2>\n\n\n\n<div style=\"height:6%\" aria-hidden=\"true\" class=\"wp-block-spacer\"><\/div>\n\n\n\n<div class=\"wp-block-columns alignfull lm-padding is-layout-flex wp-container-core-columns-is-layout-954ec4bb wp-block-columns-is-layout-flex\" style=\"padding-right:var(--wp--preset--spacing--40);padding-left:var(--wp--preset--spacing--40)\">\n<div class=\"wp-block-column is-layout-flow wp-block-column-is-layout-flow\">\n<h3 class=\"wp-block-heading\">Engineering<br>Design<\/h3>\n\n\n\n<p class=\"has-primary-color has-text-color has-link-color wp-elements-528a05af573fff16847b7cf349cecb10\">SOLUCIONES PARAM\u00c9TRICAS<\/p>\n\n\n\n<p>Con un equipo multidisciplinario de expertos en <strong>dise\u00f1o computacional<\/strong>, exploramos las complejidades de cada proyecto llevando la <strong>tecnolog\u00eda al l\u00edmite<\/strong>. A trav\u00e9s de diferentes medios y procesos, nuestro equipo trabaja con diversos materiales, abordando cada proyecto de manera <strong>innovadora<\/strong>. El <strong>dise\u00f1o computacional<\/strong> nos permite gestionar formas digitales complejas y <strong>expandir los l\u00edmites de la tecnolog\u00eda de impresi\u00f3n 3D<\/strong>.<\/p>\n<\/div>\n\n\n\n<div class=\"wp-block-column is-layout-flow wp-block-column-is-layout-flow\">\n<h3 class=\"wp-block-heading\"><strong>Fabricaci\u00f3n<\/strong><br><strong>Rob\u00f3tica<\/strong><\/h3>\n\n\n\n<p class=\"has-primary-color has-text-color has-link-color wp-elements-bb1e3037bc2c47f19916427dd8f1f09d\">FABRICACI\u00d3N DIGITAL<\/p>\n\n\n\n<p>La instalaci\u00f3n de <strong>LaM\u00e1quina<\/strong> utiliza maquinaria de \u00faltima generaci\u00f3n combinada con <strong>tecnolog\u00eda de impresi\u00f3n 3D<\/strong> para contribuir a la <strong>fabricaci\u00f3n a gran escala en la industria AEC<\/strong>. Contamos con una variedad de <strong>robots industriales<\/strong>, incluyendo el brazo rob\u00f3tico <strong>ABB de 6 ejes<\/strong>, el <strong>Delta WASP<\/strong>, uno de ellos imprime constantemente en arcilla, una <strong>impresora de resina<\/strong> y una serie de <strong>impresoras de menor escala<\/strong>.<\/p>\n<\/div>\n\n\n\n<div class=\"wp-block-column is-layout-flow wp-block-column-is-layout-flow\">\n<h3 class=\"wp-block-heading\">Material<br>Technology<\/h3>\n\n\n\n<p class=\"has-primary-color has-text-color has-link-color wp-elements-ae2925228362558e1d079b129426053b\">FACTORY MACHINES<\/p>\n\n\n\n<p>LAM\u00c1QUINA promueve la innovaci\u00f3n en materiales, implementando soluciones de fabricaci\u00f3n alternativas impulsadas por la sostenibilidad. Desarrollamos proyectos que combinan materiales avanzados y sostenibles con estrategias de impresi\u00f3n innovadoras, centr\u00e1ndonos en la relaci\u00f3n entre una est\u00e9tica de vanguardia y la conciencia ambiental.<\/p>\n<\/div>\n<\/div>\n<\/div>\n\n\n\n<div class=\"wp-block-group alignfull has-global-padding is-layout-constrained wp-block-group-is-layout-constrained\" id=\"Team\">\n<div class=\"wp-block-columns alignfull lm-padding is-layout-flex wp-container-core-columns-is-layout-28f84493 wp-block-columns-is-layout-flex\">\n<div class=\"wp-block-column is-layout-flow wp-block-column-is-layout-flow\" style=\"flex-basis:100%\"><\/div>\n<\/div>\n\n\n\n<div class=\"wp-block-columns alignfull lm-padding is-layout-flex wp-container-core-columns-is-layout-954ec4bb wp-block-columns-is-layout-flex\" style=\"padding-right:var(--wp--preset--spacing--40);padding-left:var(--wp--preset--spacing--40)\">\n<div class=\"wp-block-column is-layout-flow wp-block-column-is-layout-flow\">\n<h2 class=\"wp-block-heading has-n-27-font-family\">LAM\u00c1QUINA<br>EXPERTOS EN IMPRESI\u00d3N 3D DE GRAN FORMATO<\/h2>\n<\/div>\n\n\n\n<div class=\"wp-block-column is-layout-flow wp-block-column-is-layout-flow\"><\/div>\n<\/div>\n\n\n\n\n<section style=\"padding-right:var(--wp--preset--spacing--40);padding-left:var(--wp--preset--spacing--40);\" class=\"alignfull wp-block-blocks-team\">\n  <div class=\"alignfull\">\n    <div class=\"row g-1 mx-0\">\n                  \n                      <\/div>\n        <\/div>\n            <\/div>\n  <\/div>\n<\/section>\n<\/div>\n","protected":false},"excerpt":{"rendered":"<p>WE ARE A3D PRINTINGECOSYSTEM Integrando la impresi\u00f3n 3D en la producci\u00f3n en cadena estandarizada, LAM\u00c1QUINA descentraliza la fabricaci\u00f3n manteniendo su centro de ingenier\u00eda en Barcelona. Este modelo permite una producci\u00f3n local y bajo demanda, reduciendo costos y plazos, al mismo tiempo que garantiza eficiencia y calidad. 41\u00b024&#8217;53.3\u00bbN,2\u00b012&#8217;40.7\u00bbE OUR HEADIS HERE NUESTROS CENTROS Barcelona &#8211; 41\u00b024&#8217;53.3&#8243;N, [&hellip;]<\/p>\n","protected":false},"author":1,"featured_media":7219,"parent":0,"menu_order":0,"comment_status":"closed","ping_status":"closed","template":"templates\/gutenberg.php","meta":{"_acf_changed":false,"footnotes":""},"class_list":["post-7217","page","type-page","status-publish","has-post-thumbnail","hentry"],"acf":[],"_links":{"self":[{"href":"https:\/\/lamaquina.io\/es\/wp-json\/wp\/v2\/pages\/7217","targetHints":{"allow":["GET"]}}],"collection":[{"href":"https:\/\/lamaquina.io\/es\/wp-json\/wp\/v2\/pages"}],"about":[{"href":"https:\/\/lamaquina.io\/es\/wp-json\/wp\/v2\/types\/page"}],"author":[{"embeddable":true,"href":"https:\/\/lamaquina.io\/es\/wp-json\/wp\/v2\/users\/1"}],"replies":[{"embeddable":true,"href":"https:\/\/lamaquina.io\/es\/wp-json\/wp\/v2\/comments?post=7217"}],"version-history":[{"count":2,"href":"https:\/\/lamaquina.io\/es\/wp-json\/wp\/v2\/pages\/7217\/revisions"}],"predecessor-version":[{"id":7266,"href":"https:\/\/lamaquina.io\/es\/wp-json\/wp\/v2\/pages\/7217\/revisions\/7266"}],"wp:featuredmedia":[{"embeddable":true,"href":"https:\/\/lamaquina.io\/es\/wp-json\/wp\/v2\/media\/7219"}],"wp:attachment":[{"href":"https:\/\/lamaquina.io\/es\/wp-json\/wp\/v2\/media?parent=7217"}],"curies":[{"name":"wp","href":"https:\/\/api.w.org\/{rel}","templated":true}]}}