{"id":7206,"date":"2025-01-07T15:51:46","date_gmt":"2025-01-07T15:51:46","guid":{"rendered":"https:\/\/lamaquina.io\/faqs\/"},"modified":"2025-11-13T17:54:25","modified_gmt":"2025-11-13T17:54:25","slug":"faqs","status":"publish","type":"page","link":"https:\/\/lamaquina.io\/es\/faqs\/","title":{"rendered":"FAQs"},"content":{"rendered":"\n<div style=\"height:140px\" aria-hidden=\"true\" class=\"wp-block-spacer\"><\/div>\n\n\n\n<div class=\"wp-block-columns alignfull lm-padding is-layout-flex wp-container-core-columns-is-layout-954ec4bb wp-block-columns-is-layout-flex\" style=\"padding-right:var(--wp--preset--spacing--40);padding-left:var(--wp--preset--spacing--40)\">\n<div class=\"wp-block-column is-layout-flow wp-block-column-is-layout-flow\">\n<h1 class=\"wp-block-heading\">Preguntas Frecuentes<\/h1>\n\n\n\n<div style=\"height:30px\" aria-hidden=\"true\" class=\"wp-block-spacer\"><\/div>\n\n\n\n<div class=\"wp-block-buttons is-layout-flex wp-block-buttons-is-layout-flex\">\n<div class=\"wp-block-button is-style-outline is-style-outline--1\"><a class=\"wp-block-button__link wp-element-button\" href=\"#contact-form\" style=\"border-radius:0px\">Contact us<\/a><\/div>\n<\/div>\n<\/div>\n\n\n\n<div class=\"wp-block-column is-layout-flow wp-block-column-is-layout-flow\"><section class=\"align wp-block-acf-accordion\">\n\n\n<div class=\"fleeex-accordion\">\n\n    \n\n        <div class=\"fleeex-accordion-item\">\n            <div class=\"fleeex-accordion-header is_active\">\n\t\t\t\t<div class=\"title-container pe\">\n\t\t\t\t\t<h3 class=\"fs-p mb-0\"><b>\u00bfQu\u00e9 tipo de materiales se pueden utilizar para la impresi\u00f3n 3D?En LaM\u00e1quina, nos especializamos en impresi\u00f3n 3D sostenible utilizando materiales innovadores y de alto rendimiento. Nuestros materiales principales incluyen compuestos de base biol\u00f3gica y pol\u00edmeros t\u00e9cnicos reciclados (con o sin fibras), que garantizan durabilidad, est\u00e9tica y responsabilidad ambiental.  Somos el \u00fanico fabricante a gran escala en el mundo capaz de utilizar todos los materiales imprimibles disponibles bajo un mismo techo:  PIPG, PETG, PLA, PLA de madera, celulosa, arcilla y hormig\u00f3n.<\/b><\/h3>\n\t\t\t\t<\/div>\n\t\t\t\t<div class=\"icon-container transition\">\n\t\t\t\t\t<span class=\"icon\">\n\t\t\t\t\t\t<span class=\"plus_line\"><\/span>\n\t\t\t\t\t\t<span class=\"plus_line\"><\/span>\n\t\t\t\t\t<\/span>\n\t\t\t\t<\/div>\n\t\t\t<\/div>\n            <div class=\"fleeex-accordion-content\" style=\"display:block\">\n\t\t\t\t<div class=\"row\">\n\t\t\t\t\t<div class=\"col-lg-12 mt-0\"><div class=\"pe-4\"><p>En LaM\u00e1quina, nos especializamos en impresi\u00f3n 3D sostenible utilizando materiales innovadores y de alto rendimiento. Nuestros materiales principales incluyen compuestos de base biol\u00f3gica y pol\u00edmeros t\u00e9cnicos reciclados (con o sin fibras), que garantizan durabilidad, est\u00e9tica y responsabilidad ambiental.<\/p>\n<p>Somos el \u00fanico fabricante a gran escala en el mundo capaz de utilizar todos los materiales imprimibles disponibles bajo un mismo techo:<\/p>\n<p>PIPG, PETG, PLA, PLA de madera, celulosa, arcilla y hormig\u00f3n.<\/p>\n<\/div><\/div>\n\t\t\t\t<\/div>\n            <\/div>\n        <\/div>\n\n       \n\n        <div class=\"fleeex-accordion-item\">\n            <div class=\"fleeex-accordion-header \">\n\t\t\t\t<div class=\"title-container pe\">\n\t\t\t\t\t<h3 class=\"fs-p mb-0\"><b>\u00bfCu\u00e1les son las dimensiones m\u00e1ximas que pueden fabricar?<\/b><\/h3>\n\t\t\t\t<\/div>\n\t\t\t\t<div class=\"icon-container transition\">\n\t\t\t\t\t<span class=\"icon\">\n\t\t\t\t\t\t<span class=\"plus_line\"><\/span>\n\t\t\t\t\t\t<span class=\"plus_line\"><\/span>\n\t\t\t\t\t<\/span>\n\t\t\t\t<\/div>\n\t\t\t<\/div>\n            <div class=\"fleeex-accordion-content\" >\n\t\t\t\t<div class=\"row\">\n\t\t\t\t\t<div class=\"col-lg-12 mt-0\"><div class=\"pe-4\"><p><strong>No hay limitaciones.<\/strong> Para dise\u00f1os de gran tama\u00f1o, ofrecemos soluciones modulares que permiten un ensamblaje perfecto. En una sola pieza, podemos producir objetos impresos en 3D a gran escala con una <strong>altura m\u00e1xima de impresi\u00f3n de 3 metros<\/strong>.<\/p>\n<\/div><\/div>\n\t\t\t\t<\/div>\n            <\/div>\n        <\/div>\n\n       \n\n        <div class=\"fleeex-accordion-item\">\n            <div class=\"fleeex-accordion-header \">\n\t\t\t\t<div class=\"title-container pe\">\n\t\t\t\t\t<h3 class=\"fs-p mb-0\"><b>\u00bfQu\u00e9 porcentaje de material reciclado contienen los materiales que utilizan para la impresi\u00f3n 3D?<\/b><\/h3>\n\t\t\t\t<\/div>\n\t\t\t\t<div class=\"icon-container transition\">\n\t\t\t\t\t<span class=\"icon\">\n\t\t\t\t\t\t<span class=\"plus_line\"><\/span>\n\t\t\t\t\t\t<span class=\"plus_line\"><\/span>\n\t\t\t\t\t<\/span>\n\t\t\t\t<\/div>\n\t\t\t<\/div>\n            <div class=\"fleeex-accordion-content\" >\n\t\t\t\t<div class=\"row\">\n\t\t\t\t\t<div class=\"col-lg-12 mt-0\"><div class=\"pe-4\"><p>Nuestros materiales contienen hasta un <strong data-start=\"113\" data-end=\"145\">100 % de contenido reciclado<\/strong>, seg\u00fan la formulaci\u00f3n espec\u00edfica. Priorizamos los principios de <strong data-start=\"210\" data-end=\"231\">econom\u00eda circular<\/strong>, transformando residuos en soluciones de alto valor para la arquitectura y el dise\u00f1o.<\/p>\n<\/div><\/div>\n\t\t\t\t<\/div>\n            <\/div>\n        <\/div>\n\n       \n\n        <div class=\"fleeex-accordion-item\">\n            <div class=\"fleeex-accordion-header \">\n\t\t\t\t<div class=\"title-container pe\">\n\t\t\t\t\t<h3 class=\"fs-p mb-0\"><b>\u00bfCu\u00e1nto tiempo se tarda en imprimir mi dise\u00f1o en 3D?<\/b><\/h3>\n\t\t\t\t<\/div>\n\t\t\t\t<div class=\"icon-container transition\">\n\t\t\t\t\t<span class=\"icon\">\n\t\t\t\t\t\t<span class=\"plus_line\"><\/span>\n\t\t\t\t\t\t<span class=\"plus_line\"><\/span>\n\t\t\t\t\t<\/span>\n\t\t\t\t<\/div>\n\t\t\t<\/div>\n            <div class=\"fleeex-accordion-content\" >\n\t\t\t\t<div class=\"row\">\n\t\t\t\t\t<div class=\"col-lg-12 mt-0\"><div class=\"pe-4\"><p>Los plazos para iniciar la producci\u00f3n comienzan a partir de <strong data-start=\"134\" data-end=\"148\">una semana<\/strong>. El tiempo de producci\u00f3n var\u00eda seg\u00fan la <strong data-start=\"189\" data-end=\"216\">complejidad y el tama\u00f1o<\/strong> de su proyecto. Solo podemos proporcionar un <strong data-start=\"262\" data-end=\"285\">cronograma estimado<\/strong> una vez que revisemos las especificaciones de su dise\u00f1o.<\/p>\n<\/div><\/div>\n\t\t\t\t<\/div>\n            <\/div>\n        <\/div>\n\n       \n\n        <div class=\"fleeex-accordion-item\">\n            <div class=\"fleeex-accordion-header \">\n\t\t\t\t<div class=\"title-container pe\">\n\t\t\t\t\t<h3 class=\"fs-p mb-0\"><b>\u00bfQu\u00e9 formato de archivo se necesita para imprimir mi dise\u00f1o en 3D?<\/b><\/h3>\n\t\t\t\t<\/div>\n\t\t\t\t<div class=\"icon-container transition\">\n\t\t\t\t\t<span class=\"icon\">\n\t\t\t\t\t\t<span class=\"plus_line\"><\/span>\n\t\t\t\t\t\t<span class=\"plus_line\"><\/span>\n\t\t\t\t\t<\/span>\n\t\t\t\t<\/div>\n\t\t\t<\/div>\n            <div class=\"fleeex-accordion-content\" >\n\t\t\t\t<div class=\"row\">\n\t\t\t\t\t<div class=\"col-lg-12 mt-0\"><div class=\"pe-4\"><p>Aceptamos archivos <strong data-start=\"93\" data-end=\"116\">RHINO 3D, STL y OBJ<\/strong> para la impresi\u00f3n 3D. Si su dise\u00f1o est\u00e1 en un formato diferente, podemos ayudarle a <strong data-start=\"201\" data-end=\"248\">convertirlo a un tipo de archivo compatible<\/strong>.<\/p>\n<\/div><\/div>\n\t\t\t\t<\/div>\n            <\/div>\n        <\/div>\n\n       \n\n        <div class=\"fleeex-accordion-item\">\n            <div class=\"fleeex-accordion-header \">\n\t\t\t\t<div class=\"title-container pe\">\n\t\t\t\t\t<h3 class=\"fs-p mb-0\"><b>\u00bfPueden ayudarme a partir solo de mi dise\u00f1o conceptual?<\/b><\/h3>\n\t\t\t\t<\/div>\n\t\t\t\t<div class=\"icon-container transition\">\n\t\t\t\t\t<span class=\"icon\">\n\t\t\t\t\t\t<span class=\"plus_line\"><\/span>\n\t\t\t\t\t\t<span class=\"plus_line\"><\/span>\n\t\t\t\t\t<\/span>\n\t\t\t\t<\/div>\n\t\t\t<\/div>\n            <div class=\"fleeex-accordion-content\" >\n\t\t\t\t<div class=\"row\">\n\t\t\t\t\t<div class=\"col-lg-12 mt-0\"><div class=\"pe-4\"><p>\u00a1S\u00ed <a href=\"https:\/\/lamaquina.io\/es\/contactanos\/\">cont\u00e1ctanos<\/a>!<\/p>\n<\/div><\/div>\n\t\t\t\t<\/div>\n            <\/div>\n        <\/div>\n\n       \n<\/div>\n\n\n\n\n\n\n<\/section>\n\n\n\n<\/div>\n<\/div>\n\n\n\n<div style=\"height:100px\" aria-hidden=\"true\" class=\"wp-block-spacer\"><\/div>\n\n\n\n<div style=\"height:80px\" aria-hidden=\"true\" class=\"wp-block-spacer\"><\/div>\n\n\n\n<div class=\"wp-block-columns alignfull is-layout-flex wp-container-core-columns-is-layout-954ec4bb wp-block-columns-is-layout-flex\" style=\"padding-right:var(--wp--preset--spacing--40);padding-left:var(--wp--preset--spacing--40)\">\n<div class=\"wp-block-column is-layout-flow wp-block-column-is-layout-flow\">\n<h1 class=\"wp-block-heading\">Cont\u00e1ctanos<\/h1>\n\n\n\n<div style=\"height:50px\" aria-hidden=\"true\" class=\"wp-block-spacer\"><\/div>\n\n\n\n<p>Por favor, rellene el formulario,<br>y nuestro equipo se pondr\u00e1 en contacto<br>con usted lo antes posible.<\/p>\n\n\n\n<p>\u00bfPrefiere el correo electr\u00f3nico?<br>Tambi\u00e9n puede comunicarse con nosotros directamente en&nbsp;<a href=\"mailto:3dprint@lamaquina.io\">3dprint@lamaquina.io<\/a><\/p>\n<\/div>\n\n\n\n<div class=\"wp-block-column is-layout-flow wp-block-column-is-layout-flow\" id=\"contact-form\">\n<script charset=\"utf-8\" type=\"text\/javascript\" src=\"\/\/js-eu1.hsforms.net\/forms\/embed\/v2.js\"><\/script>\n<script>\n  hbspt.forms.create({\n    portalId: \"145452846\",\n    formId: \"cf736de3-185a-4723-9397-660618b4c393\"\n  });\n<\/script>\n<\/div>\n<\/div>\n","protected":false},"excerpt":{"rendered":"<p>Preguntas Frecuentes Cont\u00e1ctanos Por favor, rellene el formulario,y nuestro equipo se pondr\u00e1 en contactocon usted lo antes posible. \u00bfPrefiere el correo electr\u00f3nico?Tambi\u00e9n puede comunicarse con nosotros directamente en&nbsp;3dprint@lamaquina.io<\/p>\n","protected":false},"author":1,"featured_media":0,"parent":0,"menu_order":0,"comment_status":"closed","ping_status":"closed","template":"templates\/gutenberg.php","meta":{"_acf_changed":false,"footnotes":""},"class_list":["post-7206","page","type-page","status-publish","hentry"],"acf":[],"_links":{"self":[{"href":"https:\/\/lamaquina.io\/es\/wp-json\/wp\/v2\/pages\/7206","targetHints":{"allow":["GET"]}}],"collection":[{"href":"https:\/\/lamaquina.io\/es\/wp-json\/wp\/v2\/pages"}],"about":[{"href":"https:\/\/lamaquina.io\/es\/wp-json\/wp\/v2\/types\/page"}],"author":[{"embeddable":true,"href":"https:\/\/lamaquina.io\/es\/wp-json\/wp\/v2\/users\/1"}],"replies":[{"embeddable":true,"href":"https:\/\/lamaquina.io\/es\/wp-json\/wp\/v2\/comments?post=7206"}],"version-history":[{"count":1,"href":"https:\/\/lamaquina.io\/es\/wp-json\/wp\/v2\/pages\/7206\/revisions"}],"predecessor-version":[{"id":7215,"href":"https:\/\/lamaquina.io\/es\/wp-json\/wp\/v2\/pages\/7206\/revisions\/7215"}],"wp:attachment":[{"href":"https:\/\/lamaquina.io\/es\/wp-json\/wp\/v2\/media?parent=7206"}],"curies":[{"name":"wp","href":"https:\/\/api.w.org\/{rel}","templated":true}]}}