{"id":7199,"date":"2024-04-15T15:19:01","date_gmt":"2024-04-15T15:19:01","guid":{"rendered":"https:\/\/lamaquina.io\/contacts\/"},"modified":"2025-11-13T17:42:52","modified_gmt":"2025-11-13T17:42:52","slug":"contactos","status":"publish","type":"page","link":"https:\/\/lamaquina.io\/es\/contactos\/","title":{"rendered":"Contactos"},"content":{"rendered":"\n<div class=\"wp-block-columns alignfull is-layout-flex wp-container-core-columns-is-layout-954ec4bb wp-block-columns-is-layout-flex\" style=\"padding-right:var(--wp--preset--spacing--40);padding-left:var(--wp--preset--spacing--40)\">\n<div class=\"wp-block-column is-layout-flow wp-block-column-is-layout-flow\">\n<div style=\"height:100px\" aria-hidden=\"true\" class=\"wp-block-spacer\"><\/div>\n\n\n\n<h1 class=\"wp-block-heading has-text-align-left mb-0 has-n-27-font-family\">LAM\u00c1QUINA, CENTRO IMPRESI\u00d3N 3D DE GRAN FORMATO <\/h1>\n\n\n\n<p><\/p>\n\n\n\n<h2 class=\"wp-block-heading has-text-align-left mb-3 has-n-27-font-family\">HQ<\/h2>\n\n\n\n<p class=\"has-text-align-left\">C\/ de Crist\u00f3bal de Moura, 203<br>08019 Barcelona (ES)<\/p>\n\n\n\n<h2 class=\"wp-block-heading has-text-align-left mb-3 has-n-27-font-family\">CONTACTOS<\/h2>\n\n\n\n<p class=\"has-text-align-left\">(+34) 937 420 927<br><a href=\"mailto:careers@lamaquina.io\">careers@lamaquina.io<\/a><br><a href=\"mailto:info@lamaquina.io\">info@lamaquina.io<\/a><\/p>\n<\/div>\n\n\n\n<div class=\"wp-block-column is-layout-flow wp-block-column-is-layout-flow\"><\/div>\n<\/div>\n\n\n\n<div class=\"wp-block-columns alignfull px-0 mb-0 is-layout-flex wp-container-core-columns-is-layout-954ec4bb wp-block-columns-is-layout-flex\" style=\"padding-right:var(--wp--preset--spacing--40);padding-left:var(--wp--preset--spacing--40)\">\n<div class=\"wp-block-column is-layout-flow wp-block-column-is-layout-flow\" style=\"padding-right:var(--wp--preset--spacing--40);padding-left:var(--wp--preset--spacing--40)\">\n<p class=\"scrolltitles\">LAM\u00c1QUINA FORMA PARTE DE NOUMENA GROUP<\/p>\n\n\n<section style=\"padding-right:0;padding-left:0;\" class=\"alignfull wp-block-blocks-companies\">\n\t\t\t<div class=\"is-companies\">\n\t\t\n\t\t\t\t\n\t\t<!-- COMPANIES LIST -->\n\n        <span class=\"list_project_item pe-2 n27\">\n            <a href=\"https:\/\/noumena.io\" target=\"_blank\" rel=\"noopener\">\n                <span>\n                    <figure class=\"project__th mb-0\">\n\t\t\t\t\t\t<img loading=\"lazy\" decoding=\"async\" width=\"1024\" height=\"1024\" src=\"https:\/\/lamaquina.io\/wp-content\/uploads\/2023\/01\/noumena-1024x1024.jpg\" class=\"attachment-large size-large\" alt=\"\" srcset=\"https:\/\/lamaquina.io\/wp-content\/uploads\/2023\/01\/noumena-1024x1024.jpg 1024w, https:\/\/lamaquina.io\/wp-content\/uploads\/2023\/01\/noumena-300x300.jpg 300w, https:\/\/lamaquina.io\/wp-content\/uploads\/2023\/01\/noumena-150x150.jpg 150w, https:\/\/lamaquina.io\/wp-content\/uploads\/2023\/01\/noumena-768x768.jpg 768w, https:\/\/lamaquina.io\/wp-content\/uploads\/2023\/01\/noumena-600x600.jpg 600w, https:\/\/lamaquina.io\/wp-content\/uploads\/2023\/01\/noumena-800x800.jpg 800w, https:\/\/lamaquina.io\/wp-content\/uploads\/2023\/01\/noumena.jpg 1080w\" sizes=\"auto, (max-width: 1024px) 100vw, 1024px\" \/>                    <\/figure> \n                <\/span>\n                <span class=\"h1-projects text--end\"> NOUMENA DATA. <span style=\"color:#b1b1b1;\">EMPRESA TECNOL\u00d3GICA QUE IMPLEMENTA SOLUCIONES BASADAS EN DATOS<\/span><\/span>\n            <\/a>\n        <\/span>\n\n\t\t<!-- \/COMPANIES LIST -->\n\t\t\t\t\n\t\t<!-- COMPANIES LIST -->\n\n        <span class=\"list_project_item pe-2 n27\">\n            <a href=\"https:\/\/lamaquina.io\" target=\"_blank\">\n                <span>\n                    <figure class=\"project__th mb-0\">\n\t\t\t\t\t\t<img loading=\"lazy\" decoding=\"async\" width=\"1024\" height=\"680\" src=\"https:\/\/lamaquina.io\/wp-content\/uploads\/2024\/05\/WEB_NOXE_00015-1024x680.webp\" class=\"attachment-large size-large\" alt=\"\" srcset=\"https:\/\/lamaquina.io\/wp-content\/uploads\/2024\/05\/WEB_NOXE_00015-1024x680.webp 1024w, https:\/\/lamaquina.io\/wp-content\/uploads\/2024\/05\/WEB_NOXE_00015-300x199.webp 300w, https:\/\/lamaquina.io\/wp-content\/uploads\/2024\/05\/WEB_NOXE_00015-768x510.webp 768w, https:\/\/lamaquina.io\/wp-content\/uploads\/2024\/05\/WEB_NOXE_00015-1536x1020.webp 1536w, https:\/\/lamaquina.io\/wp-content\/uploads\/2024\/05\/WEB_NOXE_00015-1568x1041.webp 1568w, https:\/\/lamaquina.io\/wp-content\/uploads\/2024\/05\/WEB_NOXE_00015-800x531.webp 800w, https:\/\/lamaquina.io\/wp-content\/uploads\/2024\/05\/WEB_NOXE_00015-1400x928.webp 1400w, https:\/\/lamaquina.io\/wp-content\/uploads\/2024\/05\/WEB_NOXE_00015.webp 2000w\" sizes=\"auto, (max-width: 1024px) 100vw, 1024px\" \/>                    <\/figure> \n                <\/span>\n                <span class=\"h1-projects text--end\">LAM\u00c1QUINA. <span style=\"color:#b1b1b1;\">IMPRESI\u00d3N 3D DE GRAN FORMATO<\/span><\/span>\n            <\/a>\n        <\/span>\n\n\t\t<!-- \/COMPANIES LIST -->\n\t\t\t\t\n\t\t<!-- COMPANIES LIST -->\n\n        <span class=\"list_project_item pe-2 n27\">\n            <a href=\"https:\/\/pure.tech\" target=\"_blank\" rel=\"noopener\">\n                <span>\n                    <figure class=\"project__th mb-0\">\n\t\t\t\t\t\t<img loading=\"lazy\" decoding=\"async\" width=\"1024\" height=\"585\" src=\"https:\/\/lamaquina.io\/wp-content\/uploads\/2024\/04\/pure-tech-material-00001-1024x585.webp\" class=\"attachment-large size-large\" alt=\"\" srcset=\"https:\/\/lamaquina.io\/wp-content\/uploads\/2024\/04\/pure-tech-material-00001-1024x585.webp 1024w, https:\/\/lamaquina.io\/wp-content\/uploads\/2024\/04\/pure-tech-material-00001-300x171.webp 300w, https:\/\/lamaquina.io\/wp-content\/uploads\/2024\/04\/pure-tech-material-00001-768x439.webp 768w, https:\/\/lamaquina.io\/wp-content\/uploads\/2024\/04\/pure-tech-material-00001-800x457.webp 800w, https:\/\/lamaquina.io\/wp-content\/uploads\/2024\/04\/pure-tech-material-00001.webp 1456w\" sizes=\"auto, (max-width: 1024px) 100vw, 1024px\" \/>                    <\/figure> \n                <\/span>\n                <span class=\"h1-projects text--end\">PURE.TECH <span style=\"color:#b1b1b1;\">MATERIAL DE VANGUARDIA<\/span><\/span>\n            <\/a>\n        <\/span>\n\n\t\t<!-- \/COMPANIES LIST -->\n\t\t\t\t\n\t\t<!-- COMPANIES LIST -->\n\n        <span class=\"list_project_item pe-2 n27\">\n            <a href=\"\" target=\"_blank\">\n                <span>\n                    <figure class=\"project__th mb-0\">\n\t\t\t\t\t\t<img loading=\"lazy\" decoding=\"async\" width=\"1024\" height=\"1024\" src=\"https:\/\/lamaquina.io\/wp-content\/uploads\/2023\/01\/Reshape-cover_web-1024x1024.jpg\" class=\"attachment-large size-large\" alt=\"\" srcset=\"https:\/\/lamaquina.io\/wp-content\/uploads\/2023\/01\/Reshape-cover_web-1024x1024.jpg 1024w, https:\/\/lamaquina.io\/wp-content\/uploads\/2023\/01\/Reshape-cover_web-300x300.jpg 300w, https:\/\/lamaquina.io\/wp-content\/uploads\/2023\/01\/Reshape-cover_web-150x150.jpg 150w, https:\/\/lamaquina.io\/wp-content\/uploads\/2023\/01\/Reshape-cover_web-768x768.jpg 768w, https:\/\/lamaquina.io\/wp-content\/uploads\/2023\/01\/Reshape-cover_web-600x600.jpg 600w, https:\/\/lamaquina.io\/wp-content\/uploads\/2023\/01\/Reshape-cover_web-800x800.jpg 800w, https:\/\/lamaquina.io\/wp-content\/uploads\/2023\/01\/Reshape-cover_web.jpg 1080w\" sizes=\"auto, (max-width: 1024px) 100vw, 1024px\" \/>                    <\/figure> \n                <\/span>\n                <span class=\"h1-projects text--end\">RESHAPE <span style=\"color:#b1b1b1;\">PLATAFORMA QUE PROMUEVE LA INVESTIGACI\u00d3N, EL DISE\u00d1O Y LA PRODUCCI\u00d3N DE IDEAS DIGITALES<\/span><\/span>\n            <\/a>\n        <\/span>\n\n\t\t<!-- \/COMPANIES LIST -->\n\t\t\n\t\t\t\n\n\t\t<\/div>\n\t\t\t\n\t\t<script>\n\t\tdocument.querySelectorAll('.list_project_item').forEach(item => {\n\t\t\/\/ Set the initial opacity of all list_project_item divs to 1\n\t\titem.style.opacity = 1;\n\n\t\titem.addEventListener('mouseover', () => {\n\t\t\t\/\/ Set the opacity of all list_project_item divs to .05\n\t\t\tdocument.querySelectorAll('.list_project_item').forEach(item => {\n\t\t\titem.style.opacity = .05;\n\t\t\t});\n\n\t\t\t\/\/ Set the opacity of the hovered div to 1\n\t\t\titem.style.opacity = 1;\n\t\t});\n\n\t\titem.addEventListener('mouseout', () => {\n\t\t\t\/\/ Set the opacity of all list_project_item divs to 1\n\t\t\tdocument.querySelectorAll('.list_project_item').forEach(item=> {\n\t\t\titem.style.opacity = 1;\n\t\t\t});\n\t\t});\n\t\t});\n\t<\/script>\n<\/section>\n<\/div>\n<\/div>\n","protected":false},"excerpt":{"rendered":"<p>LAM\u00c1QUINA, CENTRO IMPRESI\u00d3N 3D DE GRAN FORMATO HQ C\/ de Crist\u00f3bal de Moura, 20308019 Barcelona (ES) CONTACTOS (+34) 937 420 927careers@lamaquina.ioinfo@lamaquina.io LAM\u00c1QUINA FORMA PARTE DE NOUMENA GROUP<\/p>\n","protected":false},"author":1,"featured_media":0,"parent":0,"menu_order":0,"comment_status":"closed","ping_status":"closed","template":"templates\/gutenberg.php","meta":{"_acf_changed":false,"footnotes":""},"class_list":["post-7199","page","type-page","status-publish","hentry"],"acf":[],"_links":{"self":[{"href":"https:\/\/lamaquina.io\/es\/wp-json\/wp\/v2\/pages\/7199","targetHints":{"allow":["GET"]}}],"collection":[{"href":"https:\/\/lamaquina.io\/es\/wp-json\/wp\/v2\/pages"}],"about":[{"href":"https:\/\/lamaquina.io\/es\/wp-json\/wp\/v2\/types\/page"}],"author":[{"embeddable":true,"href":"https:\/\/lamaquina.io\/es\/wp-json\/wp\/v2\/users\/1"}],"replies":[{"embeddable":true,"href":"https:\/\/lamaquina.io\/es\/wp-json\/wp\/v2\/comments?post=7199"}],"version-history":[{"count":2,"href":"https:\/\/lamaquina.io\/es\/wp-json\/wp\/v2\/pages\/7199\/revisions"}],"predecessor-version":[{"id":7204,"href":"https:\/\/lamaquina.io\/es\/wp-json\/wp\/v2\/pages\/7199\/revisions\/7204"}],"wp:attachment":[{"href":"https:\/\/lamaquina.io\/es\/wp-json\/wp\/v2\/media?parent=7199"}],"curies":[{"name":"wp","href":"https:\/\/api.w.org\/{rel}","templated":true}]}}